{"id":446,"date":"2026-04-22T11:08:23","date_gmt":"2026-04-22T11:08:23","guid":{"rendered":"https:\/\/sandvikensgk.se\/Nya\/?page_id=446"},"modified":"2026-05-04T09:40:50","modified_gmt":"2026-05-04T09:40:50","slug":"nyheter","status":"publish","type":"page","link":"https:\/\/sandvikensgk.se\/Nya\/nyheter\/","title":{"rendered":"Nyheter"},"content":{"rendered":"<style>.kadence-column446_316e55-e5 > .kt-inside-inner-col{padding-top:var(--global-kb-spacing-xxl, 5rem);padding-right:var(--global-kb-spacing-xxl, 5rem);padding-bottom:var(--global-kb-spacing-xxl, 5rem);padding-left:var(--global-kb-spacing-xxl, 5rem);}.kadence-column446_316e55-e5 > .kt-inside-inner-col,.kadence-column446_316e55-e5 > .kt-inside-inner-col:before{border-top-left-radius:0px;border-top-right-radius:0px;border-bottom-right-radius:0px;border-bottom-left-radius:0px;}.kadence-column446_316e55-e5 > .kt-inside-inner-col{column-gap:var(--global-kb-gap-sm, 1rem);}.kadence-column446_316e55-e5 > .kt-inside-inner-col{flex-direction:column;}.kadence-column446_316e55-e5 > .kt-inside-inner-col > .aligncenter{width:100%;}.kadence-column446_316e55-e5 > .kt-inside-inner-col{background-color:var(--global-palette9, #ffffff);}.kadence-column446_316e55-e5 > .kt-inside-inner-col:before{opacity:0.3;}.kadence-column446_316e55-e5{position:relative;}@media all and (max-width: 1024px){.kadence-column446_316e55-e5 > .kt-inside-inner-col{padding-top:var(--global-kb-spacing-xl, 4rem);padding-right:var(--global-kb-spacing-xl, 4rem);padding-bottom:var(--global-kb-spacing-xl, 4rem);padding-left:var(--global-kb-spacing-xl, 4rem);flex-direction:column;justify-content:center;}}@media all and (max-width: 767px){.kadence-column446_316e55-e5 > .kt-inside-inner-col{padding-top:var(--global-kb-spacing-md, 2rem);padding-right:var(--global-kb-spacing-md, 2rem);padding-bottom:var(--global-kb-spacing-md, 2rem);padding-left:var(--global-kb-spacing-md, 2rem);flex-direction:column;justify-content:center;}}<\/style>\n<div class=\"wp-block-kadence-column kadence-column446_316e55-e5 alignfull\"><div class=\"kt-inside-inner-col\"><style>.kb-row-layout-id446_0906c3-e6 > .kt-row-column-wrap{align-content:center;}:where(.kb-row-layout-id446_0906c3-e6 > .kt-row-column-wrap) > .wp-block-kadence-column{justify-content:center;}.kb-row-layout-id446_0906c3-e6 > .kt-row-column-wrap{column-gap:var(--global-kb-gap-lg, 4rem);row-gap:var(--global-kb-gap-md, 2rem);max-width:600px;margin-left:auto;margin-right:auto;padding-top:var(--global-kb-spacing-lg, 3rem);padding-bottom:var(--global-kb-spacing-xxl, 5rem);grid-template-columns:minmax(0, 1fr);}.kb-row-layout-id446_0906c3-e6 > .kt-row-layout-overlay{opacity:0.30;}.kb-row-layout-id446_0906c3-e6 ,.kb-row-layout-id446_0906c3-e6 h1,.kb-row-layout-id446_0906c3-e6 h2,.kb-row-layout-id446_0906c3-e6 h3,.kb-row-layout-id446_0906c3-e6 h4,.kb-row-layout-id446_0906c3-e6 h5,.kb-row-layout-id446_0906c3-e6 h6{color:var(--global-palette3, #1A202C);}.kb-row-layout-id446_0906c3-e6 a{color:var(--global-palette1, #3182CE);}.kb-row-layout-id446_0906c3-e6 a:hover{color:var(--global-palette2, #2B6CB0);}@media all and (max-width: 1024px){.kb-row-layout-id446_0906c3-e6 > .kt-row-column-wrap{grid-template-columns:minmax(0, 1fr);}}@media all and (max-width: 767px){.kb-row-layout-id446_0906c3-e6 > .kt-row-column-wrap{padding-top:var(--global-kb-spacing-lg, 3rem);grid-template-columns:minmax(0, 1fr);}}<\/style><div class=\"kb-row-layout-wrap kb-row-layout-id446_0906c3-e6 alignnone has-theme-palette9-background-color kt-row-has-bg wp-block-kadence-rowlayout\"><div class=\"kt-row-column-wrap kt-has-1-columns kt-row-layout-equal kt-tab-layout-inherit kt-mobile-layout-row kt-row-valign-middle\">\n<style>.kadence-column446_bb16c0-2e > .kt-inside-inner-col{display:flex;}.kadence-column446_bb16c0-2e > .kt-inside-inner-col,.kadence-column446_bb16c0-2e > .kt-inside-inner-col:before{border-top-left-radius:0px;border-top-right-radius:0px;border-bottom-right-radius:0px;border-bottom-left-radius:0px;}.kadence-column446_bb16c0-2e > .kt-inside-inner-col{column-gap:var(--global-kb-gap-sm, 1rem);}.kadence-column446_bb16c0-2e > .kt-inside-inner-col{flex-direction:column;justify-content:center;}.kadence-column446_bb16c0-2e > .kt-inside-inner-col > .aligncenter{width:100%;}.kt-row-column-wrap > .kadence-column446_bb16c0-2e{align-self:center;}.kt-inner-column-height-full:not(.kt-has-1-columns) > .wp-block-kadence-column.kadence-column446_bb16c0-2e{align-self:auto;}.kt-inner-column-height-full:not(.kt-has-1-columns) > .wp-block-kadence-column.kadence-column446_bb16c0-2e > .kt-inside-inner-col{flex-direction:column;justify-content:center;}.kadence-column446_bb16c0-2e > .kt-inside-inner-col:before{opacity:0.3;}.kadence-column446_bb16c0-2e{text-align:center;}.kadence-column446_bb16c0-2e{position:relative;}@media all and (max-width: 1024px){.kt-row-column-wrap > .kadence-column446_bb16c0-2e{align-self:center;}}@media all and (max-width: 1024px){.kt-inner-column-height-full:not(.kt-has-1-columns) > .wp-block-kadence-column.kadence-column446_bb16c0-2e{align-self:auto;}}@media all and (max-width: 1024px){.kt-inner-column-height-full:not(.kt-has-1-columns) > .wp-block-kadence-column.kadence-column446_bb16c0-2e > .kt-inside-inner-col{flex-direction:column;justify-content:center;}}@media all and (max-width: 1024px){.kadence-column446_bb16c0-2e > .kt-inside-inner-col{flex-direction:column;justify-content:center;}}@media all and (max-width: 767px){.kt-row-column-wrap > .kadence-column446_bb16c0-2e{align-self:center;}.kt-inner-column-height-full:not(.kt-has-1-columns) > .wp-block-kadence-column.kadence-column446_bb16c0-2e{align-self:auto;}.kt-inner-column-height-full:not(.kt-has-1-columns) > .wp-block-kadence-column.kadence-column446_bb16c0-2e > .kt-inside-inner-col{flex-direction:column;justify-content:center;}.kadence-column446_bb16c0-2e > .kt-inside-inner-col{flex-direction:column;justify-content:center;}}<\/style>\n<div class=\"wp-block-kadence-column kadence-column446_bb16c0-2e\"><div class=\"kt-inside-inner-col\"><style>.wp-block-kadence-advancedheading.kt-adv-heading446_e2b359-87, .wp-block-kadence-advancedheading.kt-adv-heading446_e2b359-87[data-kb-block=\"kb-adv-heading446_e2b359-87\"]{margin-bottom:var(--global-kb-spacing-xs, 1rem);text-align:center;font-style:normal;text-transform:uppercase;}.wp-block-kadence-advancedheading.kt-adv-heading446_e2b359-87 mark.kt-highlight, .wp-block-kadence-advancedheading.kt-adv-heading446_e2b359-87[data-kb-block=\"kb-adv-heading446_e2b359-87\"] mark.kt-highlight{font-style:normal;color:#f76a0c;-webkit-box-decoration-break:clone;box-decoration-break:clone;padding-top:0px;padding-right:0px;padding-bottom:0px;padding-left:0px;}.wp-block-kadence-advancedheading.kt-adv-heading446_e2b359-87 img.kb-inline-image, .wp-block-kadence-advancedheading.kt-adv-heading446_e2b359-87[data-kb-block=\"kb-adv-heading446_e2b359-87\"] img.kb-inline-image{width:150px;vertical-align:baseline;}<\/style>\n<p class=\"kt-adv-heading446_e2b359-87 wp-block-kadence-advancedheading has-theme-palette-1-color has-text-color\" data-kb-block=\"kb-adv-heading446_e2b359-87\">NYHETER<\/p>\n\n\n<style>.wp-block-kadence-advancedheading.kt-adv-heading446_21865e-f3, .wp-block-kadence-advancedheading.kt-adv-heading446_21865e-f3[data-kb-block=\"kb-adv-heading446_21865e-f3\"]{margin-top:0px;margin-bottom:var(--global-kb-spacing-lg, 3rem);text-align:center;font-size:var(--global-kb-font-size-lg, 2rem);line-height:1.2em;font-style:normal;}.wp-block-kadence-advancedheading.kt-adv-heading446_21865e-f3 mark.kt-highlight, .wp-block-kadence-advancedheading.kt-adv-heading446_21865e-f3[data-kb-block=\"kb-adv-heading446_21865e-f3\"] mark.kt-highlight{font-style:normal;color:#f76a0c;-webkit-box-decoration-break:clone;box-decoration-break:clone;padding-top:0px;padding-right:0px;padding-bottom:0px;padding-left:0px;}.wp-block-kadence-advancedheading.kt-adv-heading446_21865e-f3 img.kb-inline-image, .wp-block-kadence-advancedheading.kt-adv-heading446_21865e-f3[data-kb-block=\"kb-adv-heading446_21865e-f3\"] img.kb-inline-image{width:150px;vertical-align:baseline;}<\/style>\n<h2 class=\"kt-adv-heading446_21865e-f3 wp-block-kadence-advancedheading has-theme-palette-3-color has-text-color\" data-kb-block=\"kb-adv-heading446_21865e-f3\">Nyheter f\u00f6r s\u00e4songen 2026!<\/h2>\n\n\n<style>.wp-block-kadence-advancedheading.kt-adv-heading446_dca4eb-d9, .wp-block-kadence-advancedheading.kt-adv-heading446_dca4eb-d9[data-kb-block=\"kb-adv-heading446_dca4eb-d9\"]{text-align:left;font-size:18px;font-style:normal;}.wp-block-kadence-advancedheading.kt-adv-heading446_dca4eb-d9 mark.kt-highlight, .wp-block-kadence-advancedheading.kt-adv-heading446_dca4eb-d9[data-kb-block=\"kb-adv-heading446_dca4eb-d9\"] mark.kt-highlight{font-style:normal;color:#f76a0c;-webkit-box-decoration-break:clone;box-decoration-break:clone;padding-top:0px;padding-right:0px;padding-bottom:0px;padding-left:0px;}.wp-block-kadence-advancedheading.kt-adv-heading446_dca4eb-d9 img.kb-inline-image, .wp-block-kadence-advancedheading.kt-adv-heading446_dca4eb-d9[data-kb-block=\"kb-adv-heading446_dca4eb-d9\"] img.kb-inline-image{width:150px;vertical-align:baseline;}@media all and (max-width: 767px){.wp-block-kadence-advancedheading.kt-adv-heading446_dca4eb-d9, .wp-block-kadence-advancedheading.kt-adv-heading446_dca4eb-d9[data-kb-block=\"kb-adv-heading446_dca4eb-d9\"]{font-size:var(--global-kb-font-size-md, 1.25rem);}}<\/style>\n<h2 class=\"kt-adv-heading446_dca4eb-d9 wp-block-kadence-advancedheading\" data-kb-block=\"kb-adv-heading446_dca4eb-d9\"><strong>Nu \u00e4r b\u00e5da banorna \u00f6ppna och vi ser fram emot en ny s\u00e4song och t\u00e4nkte ber\u00e4tta om lite nyheter f\u00f6r 2026.<br><br>Korta banan har nu blivit slopad och det inneb\u00e4r att du kan spela handicapgrundande rundor \u00e4ven p\u00e5 korta banan nu.<br><br>P\u00e5 l\u00e5nga banan har det skett flera f\u00f6r\u00e4ndringar.<br>H\u00e5l 5 har f\u00f6rl\u00e4ngts, s\u00e5 fr\u00e5n gul tee \u00e4r h\u00e5let 360 meter och fr\u00e5n r\u00f6d tee 310 meter.<br>Greenen p\u00e5 h\u00e5l 6 har byggts ut och blivit st\u00f6rre. Men den nya delen kommer inte vara spelbar \u00e4n p\u00e5 ett tag och ska tills vidare betraktas som mark under arbete.<br>H\u00e5l 8 har gjorts om och blivit ett par 4 p\u00e5 240 meter fr\u00e5n gul tee och 210 fr\u00e5n r\u00f6d tee. Som f\u00f6ljd av detta har banan blivit par 36.<br><br>Nytt f\u00f6r i \u00e5r \u00e4r att betalningar sker via Swish scan &amp; pay, b\u00e5de f\u00f6r greenfee och shopen. Info om hur det funkar finns vid b\u00e5de greenfee-luckan och i shopen.<br>P\u00e5 l\u00e5nga banan kommer till en b\u00f6rjan varannan tid vara bokningsbar p\u00e5 mingolf.se och varannan tid bollr\u00e4nna. P\u00e5 korta banan \u00e4r det fortsatt ingen tidsbokning.<br><br>V\u00e4lkomna till en ny s\u00e4song!<br>Mvh SAIK Golf<\/strong><\/h2>\n\n\n<style>.wp-block-kadence-spacer.kt-block-spacer-446_4ff55f-db .kt-block-spacer{height:60px;}.wp-block-kadence-spacer.kt-block-spacer-446_4ff55f-db .kt-divider{border-top-width:1px;height:1px;border-top-color:var(--global-palette2, #2B6CB0);width:90%;border-top-style:solid;}<\/style>\n<div class=\"wp-block-kadence-spacer aligncenter kt-block-spacer-446_4ff55f-db\"><div class=\"kt-block-spacer kt-block-spacer-halign-center\"><hr class=\"kt-divider\"\/><\/div><\/div>\n\n\n<style>.wp-block-kadence-advancedheading.kt-adv-heading446_bb5edb-15, .wp-block-kadence-advancedheading.kt-adv-heading446_bb5edb-15[data-kb-block=\"kb-adv-heading446_bb5edb-15\"]{margin-top:0px;margin-bottom:var(--global-kb-spacing-lg, 3rem);text-align:center;font-size:var(--global-kb-font-size-lg, 2rem);line-height:1.2em;font-style:normal;}.wp-block-kadence-advancedheading.kt-adv-heading446_bb5edb-15 mark.kt-highlight, .wp-block-kadence-advancedheading.kt-adv-heading446_bb5edb-15[data-kb-block=\"kb-adv-heading446_bb5edb-15\"] mark.kt-highlight{font-style:normal;color:#f76a0c;-webkit-box-decoration-break:clone;box-decoration-break:clone;padding-top:0px;padding-right:0px;padding-bottom:0px;padding-left:0px;}.wp-block-kadence-advancedheading.kt-adv-heading446_bb5edb-15 img.kb-inline-image, .wp-block-kadence-advancedheading.kt-adv-heading446_bb5edb-15[data-kb-block=\"kb-adv-heading446_bb5edb-15\"] img.kb-inline-image{width:150px;vertical-align:baseline;}<\/style>\n<h2 class=\"kt-adv-heading446_bb5edb-15 wp-block-kadence-advancedheading has-theme-palette-3-color has-text-color\" data-kb-block=\"kb-adv-heading446_bb5edb-15\">Juniortr\u00e4ningarna drar ig\u00e5ng!<\/h2>\n\n\n<style>.wp-block-kadence-advancedheading.kt-adv-heading446_2f1273-bf, .wp-block-kadence-advancedheading.kt-adv-heading446_2f1273-bf[data-kb-block=\"kb-adv-heading446_2f1273-bf\"]{text-align:left;font-size:18px;font-style:normal;}.wp-block-kadence-advancedheading.kt-adv-heading446_2f1273-bf mark.kt-highlight, .wp-block-kadence-advancedheading.kt-adv-heading446_2f1273-bf[data-kb-block=\"kb-adv-heading446_2f1273-bf\"] mark.kt-highlight{font-style:normal;color:#f76a0c;-webkit-box-decoration-break:clone;box-decoration-break:clone;padding-top:0px;padding-right:0px;padding-bottom:0px;padding-left:0px;}.wp-block-kadence-advancedheading.kt-adv-heading446_2f1273-bf img.kb-inline-image, .wp-block-kadence-advancedheading.kt-adv-heading446_2f1273-bf[data-kb-block=\"kb-adv-heading446_2f1273-bf\"] img.kb-inline-image{width:150px;vertical-align:baseline;}<\/style>\n<h2 class=\"kt-adv-heading446_2f1273-bf wp-block-kadence-advancedheading\" data-kb-block=\"kb-adv-heading446_2f1273-bf\"><strong>Nu k\u00f6r vi ig\u00e5ng v\u00e5r popul\u00e4ra barn-\/ungdomstr\u00e4ning f\u00f6r s\u00e4songen hos SAIK Golf i Trebo!<br>Tr\u00e4ningen \u00e4r som vanligt kostnadsfri och utrustning finns att l\u00e5na om man inte har egen. Ingen f\u00f6ranm\u00e4lan beh\u00f6vs!<br>En skillnad i \u00e5r \u00e4r att tr\u00e4ningen, som leds av v\u00e5r tr\u00e4nare Richard Sundstr\u00f6m kommer att ske i tv\u00e5 grupper.<\/strong><\/h2>\n\n\n\n<p class=\"has-text-align-left\" style=\"font-size:18px\"><strong><br>Startdatum 29\/4 2026!<br>Onsdagar 16-17: Barn upp till 12 \u00e5r<br>Onsdagar 17-18, ungdomar fr\u00e5n 13 \u00e5r<br>S\u00e5 h\u00e4ng p\u00e5 en till h\u00e4rlig golfs\u00e4song hos SAIK Golf i Trebo. Klubben d\u00e4r alla \u00e4r v\u00e4lkomna!<\/strong><\/p>\n<\/div><\/div>\n\n<\/div><\/div><\/div><\/div>\n\n\n<style>.wp-block-kadence-spacer.kt-block-spacer-446_d67263-54 .kt-block-spacer{height:60px;}.wp-block-kadence-spacer.kt-block-spacer-446_d67263-54 .kt-divider{border-top-width:1px;height:1px;border-top-color:var(--global-palette2, #2B6CB0);width:80%;border-top-style:solid;}<\/style>\n<div class=\"wp-block-kadence-spacer aligncenter kt-block-spacer-446_d67263-54\"><div class=\"kt-block-spacer kt-block-spacer-halign-center\"><hr class=\"kt-divider\"\/><\/div><\/div>\n","protected":false},"excerpt":{"rendered":"<p>NYHETER Nyheter f\u00f6r s\u00e4songen 2026! Nu \u00e4r b\u00e5da banorna \u00f6ppna och vi ser fram emot en ny s\u00e4song och t\u00e4nkte ber\u00e4tta om lite nyheter f\u00f6r 2026. Korta banan har nu blivit slopad och det inneb\u00e4r att du kan spela handicapgrundande rundor \u00e4ven p\u00e5 korta banan nu. P\u00e5 l\u00e5nga banan har det skett flera f\u00f6r\u00e4ndringar.H\u00e5l 5&#8230;<\/p>\n","protected":false},"author":1,"featured_media":0,"parent":0,"menu_order":0,"comment_status":"closed","ping_status":"closed","template":"","meta":{"_kad_post_transparent":"","_kad_post_title":"","_kad_post_layout":"","_kad_post_sidebar_id":"","_kad_post_content_style":"","_kad_post_vertical_padding":"","_kad_post_feature":"","_kad_post_feature_position":"","_kad_post_header":false,"_kad_post_footer":false,"_kad_post_classname":"","footnotes":""},"class_list":["post-446","page","type-page","status-publish","hentry"],"_links":{"self":[{"href":"https:\/\/sandvikensgk.se\/Nya\/wp-json\/wp\/v2\/pages\/446","targetHints":{"allow":["GET"]}}],"collection":[{"href":"https:\/\/sandvikensgk.se\/Nya\/wp-json\/wp\/v2\/pages"}],"about":[{"href":"https:\/\/sandvikensgk.se\/Nya\/wp-json\/wp\/v2\/types\/page"}],"author":[{"embeddable":true,"href":"https:\/\/sandvikensgk.se\/Nya\/wp-json\/wp\/v2\/users\/1"}],"replies":[{"embeddable":true,"href":"https:\/\/sandvikensgk.se\/Nya\/wp-json\/wp\/v2\/comments?post=446"}],"version-history":[{"count":27,"href":"https:\/\/sandvikensgk.se\/Nya\/wp-json\/wp\/v2\/pages\/446\/revisions"}],"predecessor-version":[{"id":621,"href":"https:\/\/sandvikensgk.se\/Nya\/wp-json\/wp\/v2\/pages\/446\/revisions\/621"}],"wp:attachment":[{"href":"https:\/\/sandvikensgk.se\/Nya\/wp-json\/wp\/v2\/media?parent=446"}],"curies":[{"name":"wp","href":"https:\/\/api.w.org\/{rel}","templated":true}]}}