{"id":41,"date":"2026-04-13T08:33:18","date_gmt":"2026-04-13T08:33:18","guid":{"rendered":"https:\/\/sandvikensgk.se\/Nya\/?page_id=41"},"modified":"2026-05-04T09:42:15","modified_gmt":"2026-05-04T09:42:15","slug":"tavlingar","status":"publish","type":"page","link":"https:\/\/sandvikensgk.se\/Nya\/tavlingar\/","title":{"rendered":"T\u00e4vlingar"},"content":{"rendered":"\n<script src=\"https:\/\/scores.golfbox.dk\/api\/js\/schedule\/customerid\/765\/language\/1053\/template\/GITWidget\" type=\"text\/javascript\"><\/script>\n\n\n<style>.kb-row-layout-id41_97f6eb-38 > .kt-row-column-wrap{align-content:start;}:where(.kb-row-layout-id41_97f6eb-38 > .kt-row-column-wrap) > .wp-block-kadence-column{justify-content:start;}.kb-row-layout-id41_97f6eb-38 > .kt-row-column-wrap{column-gap:var(--global-kb-gap-md, 2rem);row-gap:var(--global-kb-gap-md, 2rem);max-width:var( --global-content-width, 1290px );padding-left:var(--global-content-edge-padding);padding-right:var(--global-content-edge-padding);padding-top:var(--global-kb-spacing-xl, 4rem);padding-bottom:var(--global-kb-spacing-3xl, 6.5rem);grid-template-columns:minmax(0, calc(70% - ((var(--global-kb-gap-md, 2rem) * 1 )\/2)))minmax(0, calc(30% - ((var(--global-kb-gap-md, 2rem) * 1 )\/2)));}.kb-row-layout-id41_97f6eb-38 > .kt-row-layout-overlay{opacity:0.80;}.kb-row-layout-id41_97f6eb-38 ,.kb-row-layout-id41_97f6eb-38 h1,.kb-row-layout-id41_97f6eb-38 h2,.kb-row-layout-id41_97f6eb-38 h3,.kb-row-layout-id41_97f6eb-38 h4,.kb-row-layout-id41_97f6eb-38 h5,.kb-row-layout-id41_97f6eb-38 h6{color:var(--global-palette3, #1A202C);}.kb-row-layout-id41_97f6eb-38 a{color:var(--global-palette4, #2D3748);}.kb-row-layout-id41_97f6eb-38 a:hover{color:var(--global-palette5, #4A5568);}@media all and (max-width: 1024px){.kb-row-layout-id41_97f6eb-38 > .kt-row-column-wrap{grid-template-columns:minmax(0, 1fr);}}@media all and (max-width: 767px){.kb-row-layout-id41_97f6eb-38 > .kt-row-column-wrap{grid-template-columns:minmax(0, 1fr);}}<\/style><div class=\"kb-row-layout-wrap kb-row-layout-id41_97f6eb-38 alignfull has-theme-palette9-background-color kt-row-has-bg wp-block-kadence-rowlayout\"><div class=\"kt-row-column-wrap kt-has-2-columns kt-row-layout-equal kt-tab-layout-row kt-mobile-layout-row kt-row-valign-top kb-theme-content-width\">\n<style>.kadence-column41_832a8b-5b > .kt-inside-inner-col,.kadence-column41_832a8b-5b > .kt-inside-inner-col:before{border-top-left-radius:0px;border-top-right-radius:0px;border-bottom-right-radius:0px;border-bottom-left-radius:0px;}.kadence-column41_832a8b-5b > .kt-inside-inner-col{column-gap:var(--global-kb-gap-sm, 1rem);}.kadence-column41_832a8b-5b > .kt-inside-inner-col{flex-direction:column;}.kadence-column41_832a8b-5b > .kt-inside-inner-col > .aligncenter{width:100%;}.kadence-column41_832a8b-5b > .kt-inside-inner-col:before{opacity:0.3;}.kadence-column41_832a8b-5b{position:relative;}@media all and (max-width: 1024px){.kadence-column41_832a8b-5b > .kt-inside-inner-col{flex-direction:column;justify-content:center;}}@media all and (max-width: 767px){.kadence-column41_832a8b-5b > .kt-inside-inner-col{flex-direction:column;justify-content:center;}}<\/style>\n<div class=\"wp-block-kadence-column kadence-column41_832a8b-5b\"><div class=\"kt-inside-inner-col\"><style>.wp-block-kadence-advancedheading.kt-adv-heading41_6405c4-b0, .wp-block-kadence-advancedheading.kt-adv-heading41_6405c4-b0[data-kb-block=\"kb-adv-heading41_6405c4-b0\"]{font-style:normal;}.wp-block-kadence-advancedheading.kt-adv-heading41_6405c4-b0 mark.kt-highlight, .wp-block-kadence-advancedheading.kt-adv-heading41_6405c4-b0[data-kb-block=\"kb-adv-heading41_6405c4-b0\"] mark.kt-highlight{font-style:normal;color:#f76a0c;-webkit-box-decoration-break:clone;box-decoration-break:clone;padding-top:0px;padding-right:0px;padding-bottom:0px;padding-left:0px;}.wp-block-kadence-advancedheading.kt-adv-heading41_6405c4-b0 img.kb-inline-image, .wp-block-kadence-advancedheading.kt-adv-heading41_6405c4-b0[data-kb-block=\"kb-adv-heading41_6405c4-b0\"] img.kb-inline-image{width:150px;vertical-align:baseline;}@media all and (max-width: 1024px){.wp-block-kadence-advancedheading.kt-adv-heading41_6405c4-b0, .wp-block-kadence-advancedheading.kt-adv-heading41_6405c4-b0[data-kb-block=\"kb-adv-heading41_6405c4-b0\"]{text-align:center!important;}}@media all and (max-width: 767px){.wp-block-kadence-advancedheading.kt-adv-heading41_6405c4-b0, .wp-block-kadence-advancedheading.kt-adv-heading41_6405c4-b0[data-kb-block=\"kb-adv-heading41_6405c4-b0\"]{font-size:var(--global-kb-font-size-md, 1.25rem);}}<\/style>\n<div class=\"kt-adv-heading41_6405c4-b0 wp-block-kadence-advancedheading has-theme-palette-3-color has-text-color\" data-kb-block=\"kb-adv-heading41_6405c4-b0\"><em>V\u00e5r mest popul\u00e4ra t\u00e4vling<\/em><\/div>\n\n\n<style>.wp-block-kadence-advancedheading.kt-adv-heading41_e5fcbf-63, .wp-block-kadence-advancedheading.kt-adv-heading41_e5fcbf-63[data-kb-block=\"kb-adv-heading41_e5fcbf-63\"]{margin-top:0px;font-size:var(--global-kb-font-size-lg, 2rem);line-height:1.2;font-style:normal;}.wp-block-kadence-advancedheading.kt-adv-heading41_e5fcbf-63 mark.kt-highlight, .wp-block-kadence-advancedheading.kt-adv-heading41_e5fcbf-63[data-kb-block=\"kb-adv-heading41_e5fcbf-63\"] mark.kt-highlight{font-style:normal;color:#f76a0c;-webkit-box-decoration-break:clone;box-decoration-break:clone;padding-top:0px;padding-right:0px;padding-bottom:0px;padding-left:0px;}.wp-block-kadence-advancedheading.kt-adv-heading41_e5fcbf-63 img.kb-inline-image, .wp-block-kadence-advancedheading.kt-adv-heading41_e5fcbf-63[data-kb-block=\"kb-adv-heading41_e5fcbf-63\"] img.kb-inline-image{width:150px;vertical-align:baseline;}@media all and (max-width: 1024px){.wp-block-kadence-advancedheading.kt-adv-heading41_e5fcbf-63, .wp-block-kadence-advancedheading.kt-adv-heading41_e5fcbf-63[data-kb-block=\"kb-adv-heading41_e5fcbf-63\"]{text-align:center!important;}}<\/style>\n<h2 class=\"kt-adv-heading41_e5fcbf-63 wp-block-kadence-advancedheading has-theme-palette-3-color has-text-color\" data-kb-block=\"kb-adv-heading41_e5fcbf-63\">Fredagstjugan<\/h2>\n\n\n<style>.wp-block-kadence-advancedheading.kt-adv-heading41_fac013-79, .wp-block-kadence-advancedheading.kt-adv-heading41_fac013-79[data-kb-block=\"kb-adv-heading41_fac013-79\"]{font-style:normal;}.wp-block-kadence-advancedheading.kt-adv-heading41_fac013-79 mark.kt-highlight, .wp-block-kadence-advancedheading.kt-adv-heading41_fac013-79[data-kb-block=\"kb-adv-heading41_fac013-79\"] mark.kt-highlight{font-style:normal;color:#f76a0c;-webkit-box-decoration-break:clone;box-decoration-break:clone;padding-top:0px;padding-right:0px;padding-bottom:0px;padding-left:0px;}.wp-block-kadence-advancedheading.kt-adv-heading41_fac013-79 img.kb-inline-image, .wp-block-kadence-advancedheading.kt-adv-heading41_fac013-79[data-kb-block=\"kb-adv-heading41_fac013-79\"] img.kb-inline-image{width:150px;vertical-align:baseline;}@media all and (max-width: 1024px){.wp-block-kadence-advancedheading.kt-adv-heading41_fac013-79, .wp-block-kadence-advancedheading.kt-adv-heading41_fac013-79[data-kb-block=\"kb-adv-heading41_fac013-79\"]{text-align:center!important;}}<\/style>\n<p class=\"kt-adv-heading41_fac013-79 wp-block-kadence-advancedheading has-theme-palette-4-color has-text-color\" data-kb-block=\"kb-adv-heading41_fac013-79\"><strong>V\u00e4lkommen till en av s\u00e4songens roligaste t\u00e4vlingar! Fredagstjugan best\u00e5r av 15 rundor, en per fredag och du anm\u00e4ler dig bara en g\u00e5ng till hela t\u00e4vlingen.<\/strong><\/p>\n\n\n\n<p><br><strong>Pris:<\/strong> Medlemmar: 250 kr f\u00f6r alla 15 rundor, betalas vid anm\u00e4lan p\u00e5 <a href=\"https:\/\/mingolf.golf.se\/login\/?redirectUri=%2Fstart%2F\" target=\"_blank\" rel=\"noreferrer noopener\">mingolf.se<\/a> Icke-medlemmar: 100 kr\/runda i t\u00e4vlingsgreenfee, swishas p\u00e5 plats innan rundan.<br><br><strong>Digitalt scorekort<\/strong> Vi anv\u00e4nder digitalt scorekort via mingolf.se. Innan varje runda f\u00e5r du ett mail med en l\u00e4nk \u2013 klicka p\u00e5 den i din telefon s\u00e5 kommer du direkt till ditt scorekort. V\u00e4lj mark\u00f6r, starta rundan och registrera ditt resultat h\u00e5l f\u00f6r h\u00e5l. N\u00e4r rundan \u00e4r klar signerar du digitalt, s\u00e5 \u00e4r det klart!<br>Beh\u00f6ver du hj\u00e4lp? G\u00e5 in p\u00e5 golf.se, scrolla ner till <em>Manual f\u00f6r spelare<\/em> och klicka p\u00e5 visa.<br><br><br><strong>Regler<\/strong><br>Spela din runda n\u00e4r du vill under fredagen<br>Tv\u00e5 klasser efter handicap: Klass 1 (hcp +8,0\u201318,0) och Klass 2 (hcp 18,1\u201354)<br>B\u00e5da klasserna spelar om lika mycket po\u00e4ng per runda<br>Efter varje runda omvandlas placeringar till po\u00e4ng<br>N\u00e4r alla 15 rundor \u00e4r spelade r\u00e4knas dina 10 b\u00e4sta rundor<br>De tv\u00e5 klasserna sl\u00e5s ihop till ett slutresultat och en vinnare av Fredagstjugan koras<br>F\u00f6lj leaderboarden l\u00f6pande via Order of Merit f\u00f6r Fredagstjugan i din t\u00e4vling p\u00e5 mingolf.se.<br><br><strong>Veckopris<\/strong>: Varje fredag utses en vinnare per klass<\/p>\n\n\n\n<p><br>Som vanligt g\u00e4ller lokala regler p\u00e5 banan.<br><strong>Lycka till och v\u00e4lkommen ut p\u00e5 banan!<\/strong><\/p>\n<\/div><\/div>\n\n\n<style>.kadence-column41_aa79d0-59 > .kt-inside-inner-col,.kadence-column41_aa79d0-59 > .kt-inside-inner-col:before{border-top-left-radius:0px;border-top-right-radius:0px;border-bottom-right-radius:0px;border-bottom-left-radius:0px;}.kadence-column41_aa79d0-59 > .kt-inside-inner-col{column-gap:var(--global-kb-gap-sm, 1rem);}.kadence-column41_aa79d0-59 > .kt-inside-inner-col{flex-direction:column;}.kadence-column41_aa79d0-59 > .kt-inside-inner-col > .aligncenter{width:100%;}.kadence-column41_aa79d0-59 > .kt-inside-inner-col:before{opacity:0.3;}.kadence-column41_aa79d0-59{position:relative;}@media all and (max-width: 1024px){.kadence-column41_aa79d0-59 > .kt-inside-inner-col{flex-direction:column;justify-content:center;}}@media all and (max-width: 767px){.kadence-column41_aa79d0-59 > .kt-inside-inner-col{flex-direction:column;justify-content:center;}}<\/style>\n<div class=\"wp-block-kadence-column kadence-column41_aa79d0-59\"><div class=\"kt-inside-inner-col\"><style>.kb-row-layout-id41_cf0f5c-b5 > .kt-row-column-wrap{align-content:start;}:where(.kb-row-layout-id41_cf0f5c-b5 > .kt-row-column-wrap) > .wp-block-kadence-column{justify-content:start;}.kb-row-layout-id41_cf0f5c-b5 > .kt-row-column-wrap{column-gap:var(--global-kb-gap-md, 2rem);row-gap:var(--global-kb-gap-md, 2rem);padding-top:0px;padding-right:0px;padding-bottom:0px;padding-left:0px;grid-template-columns:minmax(0, 1fr);}.kb-row-layout-id41_cf0f5c-b5 > .kt-row-layout-overlay{opacity:0.30;}@media all and (max-width: 1024px){.kb-row-layout-id41_cf0f5c-b5 > .kt-row-column-wrap{padding-right:var(--global-kb-spacing-4xl, 8rem);padding-left:var(--global-kb-spacing-4xl, 8rem);grid-template-columns:minmax(0, 1fr);}}@media all and (max-width: 767px){.kb-row-layout-id41_cf0f5c-b5 > .kt-row-column-wrap{padding-right:0px;padding-left:0px;grid-template-columns:minmax(0, 1fr);}}<\/style><div class=\"kb-row-layout-wrap kb-row-layout-id41_cf0f5c-b5 alignnone wp-block-kadence-rowlayout\"><div class=\"kt-row-column-wrap kt-has-1-columns kt-row-layout-equal kt-tab-layout-inherit kt-mobile-layout-row kt-row-valign-top\">\n<style>.kadence-column41_ed146a-fe > .kt-inside-inner-col,.kadence-column41_ed146a-fe > .kt-inside-inner-col:before{border-top-left-radius:0px;border-top-right-radius:0px;border-bottom-right-radius:0px;border-bottom-left-radius:0px;}.kadence-column41_ed146a-fe > .kt-inside-inner-col{column-gap:var(--global-kb-gap-sm, 1rem);}.kadence-column41_ed146a-fe > .kt-inside-inner-col{flex-direction:column;}.kadence-column41_ed146a-fe > .kt-inside-inner-col > .aligncenter{width:100%;}.kadence-column41_ed146a-fe > .kt-inside-inner-col:before{opacity:0.3;}.kadence-column41_ed146a-fe{position:relative;}@media all and (max-width: 1024px){.kadence-column41_ed146a-fe > .kt-inside-inner-col{flex-direction:column;justify-content:center;}}@media all and (max-width: 767px){.kadence-column41_ed146a-fe > .kt-inside-inner-col{flex-direction:column;justify-content:center;}}<\/style>\n<div class=\"wp-block-kadence-column kadence-column41_ed146a-fe\"><div class=\"kt-inside-inner-col\"><\/div><\/div>\n\n<\/div><\/div><\/div><\/div>\n\n<\/div><\/div>\n\n<style>.wp-block-kadence-spacer.kt-block-spacer-41_4552eb-23 .kt-block-spacer{height:60px;}.wp-block-kadence-spacer.kt-block-spacer-41_4552eb-23 .kt-divider{border-top-width:1px;height:1px;border-top-color:var(--global-palette2, #2B6CB0);width:80%;border-top-style:solid;}<\/style>\n<div class=\"wp-block-kadence-spacer aligncenter kt-block-spacer-41_4552eb-23\"><div class=\"kt-block-spacer kt-block-spacer-halign-center\"><hr class=\"kt-divider\"\/><\/div><\/div>\n","protected":false},"excerpt":{"rendered":"<p>V\u00e5r mest popul\u00e4ra t\u00e4vling Fredagstjugan V\u00e4lkommen till en av s\u00e4songens roligaste t\u00e4vlingar! Fredagstjugan best\u00e5r av 15 rundor, en per fredag och du anm\u00e4ler dig bara en g\u00e5ng till hela t\u00e4vlingen. Pris: Medlemmar: 250 kr f\u00f6r alla 15 rundor, betalas vid anm\u00e4lan p\u00e5 mingolf.se Icke-medlemmar: 100 kr\/runda i t\u00e4vlingsgreenfee, swishas p\u00e5 plats innan rundan. Digitalt scorekort&#8230;<\/p>\n","protected":false},"author":1,"featured_media":0,"parent":0,"menu_order":0,"comment_status":"closed","ping_status":"closed","template":"","meta":{"_kad_post_transparent":"","_kad_post_title":"","_kad_post_layout":"","_kad_post_sidebar_id":"","_kad_post_content_style":"","_kad_post_vertical_padding":"","_kad_post_feature":"","_kad_post_feature_position":"","_kad_post_header":false,"_kad_post_footer":false,"_kad_post_classname":"","footnotes":""},"class_list":["post-41","page","type-page","status-publish","hentry"],"_links":{"self":[{"href":"https:\/\/sandvikensgk.se\/Nya\/wp-json\/wp\/v2\/pages\/41","targetHints":{"allow":["GET"]}}],"collection":[{"href":"https:\/\/sandvikensgk.se\/Nya\/wp-json\/wp\/v2\/pages"}],"about":[{"href":"https:\/\/sandvikensgk.se\/Nya\/wp-json\/wp\/v2\/types\/page"}],"author":[{"embeddable":true,"href":"https:\/\/sandvikensgk.se\/Nya\/wp-json\/wp\/v2\/users\/1"}],"replies":[{"embeddable":true,"href":"https:\/\/sandvikensgk.se\/Nya\/wp-json\/wp\/v2\/comments?post=41"}],"version-history":[{"count":12,"href":"https:\/\/sandvikensgk.se\/Nya\/wp-json\/wp\/v2\/pages\/41\/revisions"}],"predecessor-version":[{"id":622,"href":"https:\/\/sandvikensgk.se\/Nya\/wp-json\/wp\/v2\/pages\/41\/revisions\/622"}],"wp:attachment":[{"href":"https:\/\/sandvikensgk.se\/Nya\/wp-json\/wp\/v2\/media?parent=41"}],"curies":[{"name":"wp","href":"https:\/\/api.w.org\/{rel}","templated":true}]}}